{"id":39,"date":"2026-04-17T08:01:28","date_gmt":"2026-04-17T08:01:28","guid":{"rendered":"https:\/\/krulvok.top\/?page_id=39"},"modified":"2026-04-17T08:12:29","modified_gmt":"2026-04-17T08:12:29","slug":"centro-de-contacto-oficial","status":"publish","type":"page","link":"https:\/\/krulvok.top\/?page_id=39","title":{"rendered":"Centro de Contacto Oficial"},"content":{"rendered":"\n<p>\u00bfTen\u00e9s una duda t\u00e9cnica sobre el tiraje de tu casa o necesit\u00e1s aclarar un punto legal de tu instalaci\u00f3n en Salta? Mi equipo y yo estamos para escucharte.<\/p>\n\n\n\n<ul class=\"wp-block-list\">\n<li><strong>Directora T\u00e9cnica:<\/strong> Yolanda Aguilar<\/li>\n\n\n\n<li><strong>Sede Administrativa:<\/strong> De\u00e1n Funes 430, A4400 Salta, Argentina<\/li>\n\n\n\n<li><strong>Correo de Soporte:<\/strong> <strong>mail@krulvok.top<\/strong><\/li>\n\n\n\n<li><strong>Tel\u00e9fono:<\/strong> <strong>+54-387-400-76-31<\/strong><\/li>\n<\/ul>\n\n\n\n<p>\u00bfQuer\u00e9s que preparemos ahora la p\u00e1gina de contacto compacta y resumida para que tus vecinos puedan encontrarte f\u00e1cilmente en Salta?<\/p>\n","protected":false},"excerpt":{"rendered":"<p>\u00bfTen\u00e9s una duda t\u00e9cnica sobre el tiraje de tu casa o necesit\u00e1s aclarar un punto legal de tu instalaci\u00f3n en Salta? Mi equipo y yo estamos para escucharte. \u00bfQuer\u00e9s que preparemos ahora la p\u00e1gina de contacto compacta y resumida para que tus vecinos puedan encontrarte f\u00e1cilmente en Salta?<\/p>\n","protected":false},"author":1,"featured_media":0,"parent":0,"menu_order":10,"comment_status":"closed","ping_status":"closed","template":"","meta":{"footnotes":""},"class_list":["post-39","page","type-page","status-publish","hentry"],"_links":{"self":[{"href":"https:\/\/krulvok.top\/index.php?rest_route=\/wp\/v2\/pages\/39","targetHints":{"allow":["GET"]}}],"collection":[{"href":"https:\/\/krulvok.top\/index.php?rest_route=\/wp\/v2\/pages"}],"about":[{"href":"https:\/\/krulvok.top\/index.php?rest_route=\/wp\/v2\/types\/page"}],"author":[{"embeddable":true,"href":"https:\/\/krulvok.top\/index.php?rest_route=\/wp\/v2\/users\/1"}],"replies":[{"embeddable":true,"href":"https:\/\/krulvok.top\/index.php?rest_route=%2Fwp%2Fv2%2Fcomments&post=39"}],"version-history":[{"count":2,"href":"https:\/\/krulvok.top\/index.php?rest_route=\/wp\/v2\/pages\/39\/revisions"}],"predecessor-version":[{"id":57,"href":"https:\/\/krulvok.top\/index.php?rest_route=\/wp\/v2\/pages\/39\/revisions\/57"}],"wp:attachment":[{"href":"https:\/\/krulvok.top\/index.php?rest_route=%2Fwp%2Fv2%2Fmedia&parent=39"}],"curies":[{"name":"wp","href":"https:\/\/api.w.org\/{rel}","templated":true}]}}